{"id":4849,"date":"2021-05-26T20:02:56","date_gmt":"2021-05-26T20:02:56","guid":{"rendered":"https:\/\/www.campifarma.com\/politica-de-privacidad\/"},"modified":"2021-05-26T20:02:56","modified_gmt":"2021-05-26T20:02:56","slug":"politica-de-privacidad","status":"publish","type":"page","link":"https:\/\/campifarma.com\/es\/politica-de-privacidad\/","title":{"rendered":"POL\u00cdTICA DE PRIVACIDAD"},"content":{"rendered":"\n<p><span style=\"text-decoration: underline;\"><strong>POL\u00cdTICA DE PRIVACIDAD<\/strong><\/span><\/p>\n\n<p>CAMPIFARMA cuenta con una pol\u00edtica de privacidad que garantiza un compromiso de seguridad para todos los usuarios de este sitio web y en el tratamiento de sus datos personales. CAMPIFARMA no conserva informaci\u00f3n personal que permita identificar al usuario, salvo autorizaci\u00f3n para ello. Esta declaraci\u00f3n de privacidad explica en qu\u00e9 circunstancias se recopila la informaci\u00f3n individual, c\u00f3mo se usa y qui\u00e9n puede acceder a ella.<\/p>\n\n<p>La Pol\u00edtica de Privacidad de CAMPIFARMA puede ser revisada por lo que se recomienda que la consulte siempre que acceda al sitio, y se aplica \u00fanicamente a las actividades desarrolladas en este sitio. CAMPIFARMA se reserva el derecho a modificarlo, en cualquier momento, total o parcialmente.<\/p>\n\n<p>Informaci\u00f3n recopilada<\/p>\n\n<p>CAMPIFARMA no recopila informaci\u00f3n de los usuarios cuando navegan por el sitio, sin su consentimiento. CAMPIFARMA recopila y almacena la informaci\u00f3n que el usuario proporciona o coloca voluntariamente en el sitio web, incluida la informaci\u00f3n personal individualizada (nombre, direcci\u00f3n de correo electr\u00f3nico y tel\u00e9fono de contacto).<\/p>\n\n<p>CAMPIFARMA se compromete a velar por el respeto a la intimidad e integridad de la informaci\u00f3n personal facilitada en este sitio web, siendo los datos personales tratados con una garant\u00eda de seguridad y confidencialidad, exigida por la Ley de Protecci\u00f3n de Datos.<\/p>\n\n<p>CAMPIFARMA puede almacenar un archivo de texto (cookie) en el ordenador del usuario, con la finalidad de personalizar las visitas al sitio web, pudiendo la cookie, a elecci\u00f3n del usuario, almacenar las credenciales de autenticaci\u00f3n para acceder al sitio web, facilitando as\u00ed la navegaci\u00f3n, siendo su instalaci\u00f3n controlada por el usuario a trav\u00e9s de su navegador.<\/p>\n\n<p><strong>Conservaci\u00f3n y mantenimiento de informaci\u00f3n personal<\/strong><\/p>\n\n<p>CAMPIFARMA lo conservar\u00e1 temporalmente.<\/p>\n\n<p><strong>Consentimiento<\/strong><\/p>\n\n<p>Al utilizar el Sitio, el usuario consiente la recopilaci\u00f3n y procesamiento de la informaci\u00f3n mencionada en esta Pol\u00edtica de Privacidad, y reconoce que puede ser modificada por CAMPIFARMA sin necesidad de comunicaci\u00f3n previa o posterior.<\/p>\n\n<p>Otras informaciones<\/p>\n\n<p>El responsable del tratamiento y uso de los datos es CAMPIFARMA.<\/p>\n\n<p>El usuario tiene derecho a solicitar la rectificaci\u00f3n o alteraci\u00f3n de los datos personales que le conciernen, o que sean borrados, salvo en los casos previstos por la ley o si su conservaci\u00f3n es necesaria para fines legales, debiendo enviar un correo electr\u00f3nico a info@campifarma .com.<\/p>\n\n<p><\/p>\n","protected":false},"excerpt":{"rendered":"<p>POL\u00cdTICA DE PRIVACIDAD CAMPIFARMA cuenta con una pol\u00edtica de privacidad que garantiza un compromiso de seguridad para todos los usuarios de este sitio web y en el tratamiento de sus datos personales. CAMPIFARMA no conserva informaci\u00f3n personal que permita identificar al usuario, salvo autorizaci\u00f3n para ello. Esta declaraci\u00f3n de privacidad explica en qu\u00e9 circunstancias se [&hellip;]<\/p>\n","protected":false},"author":1,"featured_media":0,"parent":0,"menu_order":48,"comment_status":"closed","ping_status":"closed","template":"","meta":{"_acf_changed":false,"footnotes":""},"class_list":["post-4849","page","type-page","status-publish","hentry"],"acf":[],"_links":{"self":[{"href":"https:\/\/campifarma.com\/es\/wp-json\/wp\/v2\/pages\/4849","targetHints":{"allow":["GET"]}}],"collection":[{"href":"https:\/\/campifarma.com\/es\/wp-json\/wp\/v2\/pages"}],"about":[{"href":"https:\/\/campifarma.com\/es\/wp-json\/wp\/v2\/types\/page"}],"author":[{"embeddable":true,"href":"https:\/\/campifarma.com\/es\/wp-json\/wp\/v2\/users\/1"}],"replies":[{"embeddable":true,"href":"https:\/\/campifarma.com\/es\/wp-json\/wp\/v2\/comments?post=4849"}],"version-history":[{"count":0,"href":"https:\/\/campifarma.com\/es\/wp-json\/wp\/v2\/pages\/4849\/revisions"}],"wp:attachment":[{"href":"https:\/\/campifarma.com\/es\/wp-json\/wp\/v2\/media?parent=4849"}],"curies":[{"name":"wp","href":"https:\/\/api.w.org\/{rel}","templated":true}]}}