{"id":7848,"date":"2023-11-16T14:55:14","date_gmt":"2023-11-16T14:55:14","guid":{"rendered":"https:\/\/www.campifarma.com\/glopety\/"},"modified":"2023-11-16T15:06:53","modified_gmt":"2023-11-16T15:06:53","slug":"glopety","status":"publish","type":"page","link":"https:\/\/campifarma.com\/es\/glopety\/","title":{"rendered":"Glopety+"},"content":{"rendered":"\t\t<div data-elementor-type=\"wp-page\" data-elementor-id=\"7848\" class=\"elementor elementor-7848 elementor-7707\" data-elementor-post-type=\"page\">\n\t\t\t\t\t\t<section class=\"elementor-section elementor-top-section elementor-element elementor-element-d8fa9c3 elementor-section-boxed elementor-section-height-default elementor-section-height-default\" data-id=\"d8fa9c3\" data-element_type=\"section\">\n\t\t\t\t\t\t<div class=\"elementor-container elementor-column-gap-default\">\n\t\t\t\t\t<div class=\"elementor-column elementor-col-100 elementor-top-column elementor-element elementor-element-6604b80 elementor-hidden-desktop\" data-id=\"6604b80\" data-element_type=\"column\" data-settings=\"{&quot;background_background&quot;:&quot;classic&quot;}\">\n\t\t\t<div class=\"elementor-widget-wrap\">\n\t\t\t\t\t\t\t<\/div>\n\t\t<\/div>\n\t\t\t\t\t<\/div>\n\t\t<\/section>\n\t\t\t\t<section class=\"elementor-section elementor-top-section elementor-element elementor-element-a2ad677 elementor-section-height-min-height elementor-section-items-top elementor-section-boxed elementor-section-height-default\" data-id=\"a2ad677\" data-element_type=\"section\" data-settings=\"{&quot;background_background&quot;:&quot;classic&quot;}\">\n\t\t\t\t\t\t<div class=\"elementor-container elementor-column-gap-no\">\n\t\t\t\t\t<div class=\"elementor-column elementor-col-50 elementor-top-column elementor-element elementor-element-a62e33f\" data-id=\"a62e33f\" data-element_type=\"column\">\n\t\t\t<div class=\"elementor-widget-wrap elementor-element-populated\">\n\t\t\t\t\t\t<div class=\"elementor-element elementor-element-b581f35 elementor-hidden-desktop elementor-hidden-tablet elementor-widget elementor-widget-image\" data-id=\"b581f35\" data-element_type=\"widget\" data-widget_type=\"image.default\">\n\t\t\t\t<div class=\"elementor-widget-container\">\n\t\t\t\t\t\t\t\t\t\t\t\t\t\t\t<img fetchpriority=\"high\" decoding=\"async\" width=\"720\" height=\"533\" src=\"https:\/\/assets.ams3.digitaloceanspaces.com\/campifarma\/2023\/10\/26102558\/image14-1.jpg\" class=\"attachment-full size-full wp-image-7726\" alt=\"\" srcset=\"https:\/\/assets.ams3.digitaloceanspaces.com\/campifarma\/2023\/10\/26102558\/image14-1.jpg 720w, https:\/\/assets.ams3.digitaloceanspaces.com\/campifarma\/2023\/10\/26102558\/image14-1-300x222.jpg 300w\" sizes=\"(max-width: 720px) 100vw, 720px\" \/>\t\t\t\t\t\t\t\t\t\t\t\t\t\t\t<\/div>\n\t\t\t\t<\/div>\n\t\t\t\t\t<\/div>\n\t\t<\/div>\n\t\t\t\t<div class=\"elementor-column elementor-col-50 elementor-top-column elementor-element elementor-element-02ed33b\" data-id=\"02ed33b\" data-element_type=\"column\">\n\t\t\t<div class=\"elementor-widget-wrap elementor-element-populated\">\n\t\t\t\t\t\t<div class=\"elementor-element elementor-element-6a0bbdf elementor-hidden-tablet elementor-hidden-mobile elementor-widget elementor-widget-image\" data-id=\"6a0bbdf\" data-element_type=\"widget\" data-widget_type=\"image.default\">\n\t\t\t\t<div class=\"elementor-widget-container\">\n\t\t\t\t\t\t\t\t\t\t\t\t\t\t\t<img decoding=\"async\" width=\"976\" height=\"524\" src=\"https:\/\/assets.ams3.digitaloceanspaces.com\/campifarma\/2023\/10\/26102556\/image-5.jpg\" class=\"attachment-full size-full wp-image-7723\" alt=\"\" srcset=\"https:\/\/assets.ams3.digitaloceanspaces.com\/campifarma\/2023\/10\/26102556\/image-5.jpg 976w, https:\/\/assets.ams3.digitaloceanspaces.com\/campifarma\/2023\/10\/26102556\/image-5-300x161.jpg 300w, https:\/\/assets.ams3.digitaloceanspaces.com\/campifarma\/2023\/10\/26102556\/image-5-768x412.jpg 768w\" sizes=\"(max-width: 976px) 100vw, 976px\" \/>\t\t\t\t\t\t\t\t\t\t\t\t\t\t\t<\/div>\n\t\t\t\t<\/div>\n\t\t\t\t<div class=\"elementor-element elementor-element-032d12a elementor-widget elementor-widget-text-editor\" data-id=\"032d12a\" data-element_type=\"widget\" data-widget_type=\"text-editor.default\">\n\t\t\t\t<div class=\"elementor-widget-container\">\n\t\t\t\t\t\t\t\t\t<p>Glopety+ surge de la necesidad de proporcionar productos diferenciados que satisfagan eficazmente las necesidades de los pacientes en medicina veterinaria.<\/p>\n<p>Glopety+ se establece como el inicio de una nueva l\u00ednea de nutrac\u00e9uticos t\u00e9cnicos, que se distinguen por f\u00f3rmulas \u00fanicas desarrolladas y dise\u00f1adas por y para veterinarios.<\/p>\n<p>Glopety+ destaca por tener ingredientes seleccionados y de alta calidad en sus productos, con eficacia probada en estudios cient\u00edficos.<\/p>\n<p>Como marca Campifarma, la experiencia y el desarrollo de su departamento t\u00e9cnico y de todo el equipo han permitido la creaci\u00f3n de esta nueva l\u00ednea de productos Glopety+ adaptados a la realidad de la medicina veterinaria cl\u00ednica.<\/p>\n\t\t\t\t\t\t\t\t<\/div>\n\t\t\t\t<\/div>\n\t\t\t\t\t<\/div>\n\t\t<\/div>\n\t\t\t\t\t<\/div>\n\t\t<\/section>\n\t\t\t\t<section class=\"elementor-section elementor-top-section elementor-element elementor-element-46413f6 elementor-section-boxed elementor-section-height-default elementor-section-height-default\" data-id=\"46413f6\" data-element_type=\"section\">\n\t\t\t\t\t\t<div class=\"elementor-container elementor-column-gap-default\">\n\t\t\t\t\t<div class=\"elementor-column elementor-col-100 elementor-top-column elementor-element elementor-element-2e55b69\" data-id=\"2e55b69\" data-element_type=\"column\">\n\t\t\t<div class=\"elementor-widget-wrap elementor-element-populated\">\n\t\t\t\t\t\t<div class=\"elementor-element elementor-element-5070c47 elementor-widget elementor-widget-shortcode\" data-id=\"5070c47\" data-element_type=\"widget\" data-widget_type=\"shortcode.default\">\n\t\t\t\t<div class=\"elementor-widget-container\">\n\t\t\t\t\t\t\t<div class=\"elementor-shortcode\"><div id=\"generic-accordion\">\n            <h3>Pericia Veterinaria<\/h3>\n    <div class=\"accordion-content\">\n                <div>\n            <p>El equipo de Glopety+ est\u00e1 compuesto por veterinarios y profesionales de la salud animal con gran experiencia que se comprometen a ofrecer productos que reflejen las necesidades reales de los animales.<\/p>\n        <\/div>\n    <\/div>\n    \n            <h3>Formulaciones Distintas<\/h3>\n    <div class=\"accordion-content\">\n                <div>\n            <p>Cada producto Glopety+ est\u00e1 formulado con ingredientes cuidadosamente seleccionados, basados en una s\u00f3lida investigaci\u00f3n cient\u00edfica. Nuestras formulaciones \u00fanicas est\u00e1n desarrolladas para proporcionar resultados reales y medibles.<\/p>\n        <\/div>\n    <\/div>\n    \n            <h3>Calidade Garantizada<\/h3>\n    <div class=\"accordion-content\">\n                <div>\n            <p>Glopety+ prioriza la calidad en todos los aspectos. Solo utilizamos ingredientes de alta calidad con eficacia probada en estudios cient\u00edficos, asegurando la salud y el bienestar de los animales.<\/p>\n        <\/div>\n    <\/div>\n    \n    <\/div>\n<\/div>\n\t\t\t\t\t\t<\/div>\n\t\t\t\t<\/div>\n\t\t\t\t\t<\/div>\n\t\t<\/div>\n\t\t\t\t\t<\/div>\n\t\t<\/section>\n\t\t\t\t<section class=\"elementor-section elementor-top-section elementor-element elementor-element-174e262 elementor-section-boxed elementor-section-height-default elementor-section-height-default\" data-id=\"174e262\" data-element_type=\"section\" data-settings=\"{&quot;background_background&quot;:&quot;gradient&quot;}\">\n\t\t\t\t\t\t<div class=\"elementor-container elementor-column-gap-default\">\n\t\t\t\t\t<div class=\"elementor-column elementor-col-100 elementor-top-column elementor-element elementor-element-d044b92\" data-id=\"d044b92\" data-element_type=\"column\">\n\t\t\t<div class=\"elementor-widget-wrap elementor-element-populated\">\n\t\t\t\t\t\t<div class=\"elementor-element elementor-element-c4a1ba7 elementor-widget elementor-widget-heading\" data-id=\"c4a1ba7\" data-element_type=\"widget\" data-widget_type=\"heading.default\">\n\t\t\t\t<div class=\"elementor-widget-container\">\n\t\t\t\t\t<h2 class=\"elementor-heading-title elementor-size-default\">GLOPETY+ NUTRAC\u00c9UTICOS T\u00c9CNICOS<\/h2>\t\t\t\t<\/div>\n\t\t\t\t<\/div>\n\t\t\t\t<div class=\"elementor-element elementor-element-9331cf4 elementor-widget elementor-widget-text-editor\" data-id=\"9331cf4\" data-element_type=\"widget\" data-widget_type=\"text-editor.default\">\n\t\t\t\t<div class=\"elementor-widget-container\">\n\t\t\t\t\t\t\t\t\t<p>Descubre nuestros alimentos complementarios para perros y gatos<\/p>\n\t\t\t\t\t\t\t\t<\/div>\n\t\t\t\t<\/div>\n\t\t\t\t<div class=\"elementor-element elementor-element-55197ba elementor-widget elementor-widget-shortcode\" data-id=\"55197ba\" data-element_type=\"widget\" data-widget_type=\"shortcode.default\">\n\t\t\t\t<div class=\"elementor-widget-container\">\n\t\t\t\t\t\t\t<div class=\"elementor-shortcode\">\n<div class=\"container container-grid_produtos_gopety\">\n\t<div class=\"slider-categories slider_grid_produtos_gopety grid_produtos_gopety slider-produtos-gopety\">\n\t\t\t\t\t\t<div class=\"item\">\n\t\t\t\t<div class=\"image\">\n\t\t \t\t\t<a href=\"\/es\/productos\/gloncoduo\">\n\t\t \t\t\t\t<img decoding=\"async\" class=\"elementor-animation-grow\" src=\"https:\/\/assets.ams3.digitaloceanspaces.com\/campifarma\/2023\/10\/26102601\/Mask-group-1-1.png\" alt=\"GLONCODUO\">\n\t\t \t\t\t<\/a>\n\t\t \t\t<\/div>\n\t\t \t\t<div class=\"content\">\n\t\t \t\t\t<h3>\n\t\t \t\t\t\t<a href=\"\/es\/productos\/gloncoduo\">\n\t\t \t\t\t\t\tGLONCODUO\t\t \t\t\t\t<\/a>\n\t\t \t\t\t<\/h3>\n\t\t\t\t\t Apoyo nutricional en procesos oncol\u00f3gicos\t\t \t\t<\/div>\n\t\t \t\t<a href=\"\/es\/productos\/gloncoduo\" class='saber-mais'>Aprende m\u00e1s<\/a>\n\t\t\t<\/div>\n\t\t\t\t\t\t\t\t<div class=\"item\">\n\t\t\t\t<div class=\"image\">\n\t\t \t\t\t<a href=\"\/es\/productos\/glonefro\">\n\t\t \t\t\t\t<img decoding=\"async\" class=\"elementor-animation-grow\" src=\"https:\/\/assets.ams3.digitaloceanspaces.com\/campifarma\/2023\/10\/26102603\/Mask-group-2-1.png\" alt=\"GLONEFRO\">\n\t\t \t\t\t<\/a>\n\t\t \t\t<\/div>\n\t\t \t\t<div class=\"content\">\n\t\t \t\t\t<h3>\n\t\t \t\t\t\t<a href=\"\/es\/productos\/glonefro\">\n\t\t \t\t\t\t\tGLONEFRO\t\t \t\t\t\t<\/a>\n\t\t \t\t\t<\/h3>\n\t\t\t\t\t Apoyo nutricional para la funci\u00f3n renal\t\t \t\t<\/div>\n\t\t \t\t<a href=\"\/es\/productos\/glonefro\" class='saber-mais'>Aprende m\u00e1s<\/a>\n\t\t\t<\/div>\n\t\t\t\t\t\t\t\t<div class=\"item\">\n\t\t\t\t<div class=\"image\">\n\t\t \t\t\t<a href=\"\/es\/productos\/gloenteric\">\n\t\t \t\t\t\t<img decoding=\"async\" class=\"elementor-animation-grow\" src=\"https:\/\/assets.ams3.digitaloceanspaces.com\/campifarma\/2023\/10\/26102549\/gloenteric-1.png\" alt=\"GLOENTERIC\">\n\t\t \t\t\t<\/a>\n\t\t \t\t<\/div>\n\t\t \t\t<div class=\"content\">\n\t\t \t\t\t<h3>\n\t\t \t\t\t\t<a href=\"\/es\/productos\/gloenteric\">\n\t\t \t\t\t\t\tGLOENTERIC\t\t \t\t\t\t<\/a>\n\t\t \t\t\t<\/h3>\n\t\t\t\t\t Apoyo a la funci\u00f3n digestiva normal\t\t \t\t<\/div>\n\t\t \t\t<a href=\"\/es\/productos\/gloenteric\" class='saber-mais'>Aprende m\u00e1s<\/a>\n\t\t\t<\/div>\n\t\t\t\t\t\t\t\t<div class=\"item\">\n\t\t\t\t<div class=\"image\">\n\t\t \t\t\t<a href=\"\/es\/productos\/gloliver\">\n\t\t \t\t\t\t<img decoding=\"async\" class=\"elementor-animation-grow\" src=\"https:\/\/assets.ams3.digitaloceanspaces.com\/campifarma\/2023\/10\/26102605\/Mask-group-2.png\" alt=\"GLOLIVER\">\n\t\t \t\t\t<\/a>\n\t\t \t\t<\/div>\n\t\t \t\t<div class=\"content\">\n\t\t \t\t\t<h3>\n\t\t \t\t\t\t<a href=\"\/es\/productos\/gloliver\">\n\t\t \t\t\t\t\tGLOLIVER\t\t \t\t\t\t<\/a>\n\t\t \t\t\t<\/h3>\n\t\t\t\t\t Apoyo nutricional para la funci\u00f3n hep\u00e1tica\t\t \t\t<\/div>\n\t\t \t\t<a href=\"\/es\/productos\/gloliver\" class='saber-mais'>Aprende m\u00e1s<\/a>\n\t\t\t<\/div>\n\t\t\t\t\t\t\t\t<div class=\"item\">\n\t\t\t\t<div class=\"image\">\n\t\t \t\t\t<a href=\"\/es\/productos\/glojoint\">\n\t\t \t\t\t\t<img decoding=\"async\" class=\"elementor-animation-grow\" src=\"https:\/\/assets.ams3.digitaloceanspaces.com\/campifarma\/2023\/10\/26102608\/Mask-group-4.png\" alt=\"GLOJOINT\">\n\t\t \t\t\t<\/a>\n\t\t \t\t<\/div>\n\t\t \t\t<div class=\"content\">\n\t\t \t\t\t<h3>\n\t\t \t\t\t\t<a href=\"\/es\/productos\/glojoint\">\n\t\t \t\t\t\t\tGLOJOINT\t\t \t\t\t\t<\/a>\n\t\t \t\t\t<\/h3>\n\t\t\t\t\t Apoyo nutricional para la protecci\u00f3n de las articulaciones\t\t \t\t<\/div>\n\t\t \t\t<a href=\"\/es\/productos\/glojoint\" class='saber-mais'>Aprende m\u00e1s<\/a>\n\t\t\t<\/div>\n\t\t\t\t<\/div>\n \t<div class=\"arrows-container\">\n\t\t<hr>\n\t\t<div class=\"slider-arrows slider-arrows2\"><\/div>\n\t<\/div>\n<\/div>\n\n<\/div>\n\t\t\t\t\t\t<\/div>\n\t\t\t\t<\/div>\n\t\t\t\t\t<\/div>\n\t\t<\/div>\n\t\t\t\t\t<\/div>\n\t\t<\/section>\n\t\t\t\t<\/div>\n\t\t","protected":false},"excerpt":{"rendered":"<p>Glopety+ surge de la necesidad de proporcionar productos diferenciados que satisfagan eficazmente las necesidades de los pacientes en medicina veterinaria. Glopety+ se establece como el inicio de una nueva l\u00ednea de nutrac\u00e9uticos t\u00e9cnicos, que se distinguen por f\u00f3rmulas \u00fanicas desarrolladas y dise\u00f1adas por y para veterinarios. Glopety+ destaca por tener ingredientes seleccionados y de alta [&hellip;]<\/p>\n","protected":false},"author":2,"featured_media":0,"parent":0,"menu_order":23,"comment_status":"closed","ping_status":"closed","template":"","meta":{"_acf_changed":false,"footnotes":""},"class_list":["post-7848","page","type-page","status-publish","hentry"],"acf":[],"_links":{"self":[{"href":"https:\/\/campifarma.com\/es\/wp-json\/wp\/v2\/pages\/7848","targetHints":{"allow":["GET"]}}],"collection":[{"href":"https:\/\/campifarma.com\/es\/wp-json\/wp\/v2\/pages"}],"about":[{"href":"https:\/\/campifarma.com\/es\/wp-json\/wp\/v2\/types\/page"}],"author":[{"embeddable":true,"href":"https:\/\/campifarma.com\/es\/wp-json\/wp\/v2\/users\/2"}],"replies":[{"embeddable":true,"href":"https:\/\/campifarma.com\/es\/wp-json\/wp\/v2\/comments?post=7848"}],"version-history":[{"count":5,"href":"https:\/\/campifarma.com\/es\/wp-json\/wp\/v2\/pages\/7848\/revisions"}],"predecessor-version":[{"id":7855,"href":"https:\/\/campifarma.com\/es\/wp-json\/wp\/v2\/pages\/7848\/revisions\/7855"}],"wp:attachment":[{"href":"https:\/\/campifarma.com\/es\/wp-json\/wp\/v2\/media?parent=7848"}],"curies":[{"name":"wp","href":"https:\/\/api.w.org\/{rel}","templated":true}]}}